{"id":2457,"date":"2023-06-19T11:23:21","date_gmt":"2023-06-19T09:23:21","guid":{"rendered":"http:\/\/thespeakingflow.com\/?page_id=2457"},"modified":"2024-11-16T20:07:56","modified_gmt":"2024-11-16T19:07:56","slug":"hire-me-to-speak","status":"publish","type":"page","link":"https:\/\/thespeakingflow.com\/fr\/hire-me-to-speak\/","title":{"rendered":"Hire me to speak"},"content":{"rendered":"<div data-elementor-type=\"wp-page\" data-elementor-id=\"2457\" class=\"elementor elementor-2457\">\n\t\t\t\t\t\t<section class=\"elementor-section elementor-top-section elementor-element elementor-element-0d3fcb7 elementor-section-boxed elementor-section-height-default elementor-section-height-default\" data-id=\"0d3fcb7\" data-element_type=\"section\">\n\t\t\t\t\t\t<div class=\"elementor-container elementor-column-gap-default\">\n\t\t\t\t\t<div class=\"elementor-column elementor-col-100 elementor-top-column elementor-element elementor-element-4946590\" data-id=\"4946590\" data-element_type=\"column\">\n\t\t\t<div class=\"elementor-widget-wrap elementor-element-populated\">\n\t\t\t\t\t\t<div class=\"elementor-element elementor-element-38c826f elementor-widget elementor-widget-heading\" data-id=\"38c826f\" data-element_type=\"widget\" data-widget_type=\"heading.default\">\n\t\t\t\t<div class=\"elementor-widget-container\">\n\t\t\t<h2 class=\"elementor-heading-title elementor-size-default\"><h2 class=\" translation-block\">Transformez votre leadership : <br>\nMa\u00eetrisez la communication en anglais gr\u00e2ce \u00e0 <br>nos ateliers \u00e0 fort impact.<\/h2><\/h2>\t\t<\/div>\n\t\t\t\t<\/div>\n\t\t\t\t\t<\/div>\n\t\t<\/div>\n\t\t\t\t\t<\/div>\n\t\t<\/section>\n\t\t\t\t<section class=\"elementor-section elementor-top-section elementor-element elementor-element-ce90646 elementor-section-boxed elementor-section-height-default elementor-section-height-default\" data-id=\"ce90646\" data-element_type=\"section\">\n\t\t\t\t\t\t<div class=\"elementor-container elementor-column-gap-default\">\n\t\t\t\t\t<div class=\"elementor-column elementor-col-100 elementor-top-column elementor-element elementor-element-2c5e74c\" data-id=\"2c5e74c\" data-element_type=\"column\">\n\t\t\t<div class=\"elementor-widget-wrap elementor-element-populated\">\n\t\t\t\t\t\t<div class=\"elementor-element elementor-element-45a0a54 elementor-widget elementor-widget-text-editor\" data-id=\"45a0a54\" data-element_type=\"widget\" data-widget_type=\"text-editor.default\">\n\t\t\t\t<div class=\"elementor-widget-container\">\n\t\t\t\t\t\t\t<h3 style=\"text-align: center;\" class=\" translation-block\">Dynamisez votre organisation en r\u00e9pandant une \"communication brillante\".<\/h3>\t\t\t\t\t\t<\/div>\n\t\t\t\t<\/div>\n\t\t\t\t\t<\/div>\n\t\t<\/div>\n\t\t\t\t\t<\/div>\n\t\t<\/section>\n\t\t\t\t<section class=\"elementor-section elementor-top-section elementor-element elementor-element-2144ec5 elementor-section-boxed elementor-section-height-default elementor-section-height-default\" data-id=\"2144ec5\" data-element_type=\"section\">\n\t\t\t\t\t\t<div class=\"elementor-container elementor-column-gap-default\">\n\t\t\t\t\t<div class=\"elementor-column elementor-col-100 elementor-top-column elementor-element elementor-element-ca22ed5\" data-id=\"ca22ed5\" data-element_type=\"column\">\n\t\t\t<div class=\"elementor-widget-wrap elementor-element-populated\">\n\t\t\t\t\t\t<div class=\"elementor-element elementor-element-bfcf8aa elementor-widget elementor-widget-video\" data-id=\"bfcf8aa\" data-element_type=\"widget\" data-settings=\"{&quot;youtube_url&quot;:&quot;https:\\\/\\\/youtu.be\\\/7OHj66nat2I&quot;,&quot;video_type&quot;:&quot;youtube&quot;,&quot;controls&quot;:&quot;yes&quot;}\" data-widget_type=\"video.default\">\n\t\t\t\t<div class=\"elementor-widget-container\">\n\t\t\t\t\t<div class=\"elementor-wrapper elementor-open-inline\">\n\t\t\t<div class=\"elementor-video\"><\/div>\t\t<\/div>\n\t\t\t\t<\/div>\n\t\t\t\t<\/div>\n\t\t\t\t\t<\/div>\n\t\t<\/div>\n\t\t\t\t\t<\/div>\n\t\t<\/section>\n\t\t\t\t<section class=\"elementor-section elementor-top-section elementor-element elementor-element-dbe96c8 elementor-section-boxed elementor-section-height-default elementor-section-height-default\" data-id=\"dbe96c8\" data-element_type=\"section\">\n\t\t\t\t\t\t<div class=\"elementor-container elementor-column-gap-default\">\n\t\t\t\t\t<div class=\"elementor-column elementor-col-100 elementor-top-column elementor-element elementor-element-1abefcb\" data-id=\"1abefcb\" data-element_type=\"column\">\n\t\t\t<div class=\"elementor-widget-wrap elementor-element-populated\">\n\t\t\t\t\t\t<div class=\"elementor-element elementor-element-19ecf9b elementor-align-center elementor-widget elementor-widget-button\" data-id=\"19ecf9b\" data-element_type=\"widget\" data-widget_type=\"button.default\">\n\t\t\t\t<div class=\"elementor-widget-container\">\n\t\t\t\t\t\t\t<div class=\"elementor-button-wrapper translation-block\"><a class=\"elementor-button elementor-button-link elementor-size-md\" href=\"https:\/\/thespeakingflow.com\/7e8b89bd-0203ce7a-7699f1be-b5a59b6f\" target=\"_blank\">\r\n\t\t\t\t\t\t<span class=\"elementor-button-content-wrapper\">\r\n\t\t\t\t\t\t\t\t\t<span class=\"elementor-button-text\">Start Leading with Absolute Confidence - <br>Get Your Free Guide to Find Out More<\/span>\r\n\t\t\t\t\t<\/span>\r\n\t\t\t\t\t<\/a><\/div>\n\t\t\t\t\t\t<\/div>\n\t\t\t\t<\/div>\n\t\t\t\t\t<\/div>\n\t\t<\/div>\n\t\t\t\t\t<\/div>\n\t\t<\/section>\n\t\t\t\t<section class=\"elementor-section elementor-top-section elementor-element elementor-element-d38d035 elementor-section-boxed elementor-section-height-default elementor-section-height-default\" data-id=\"d38d035\" data-element_type=\"section\">\n\t\t\t\t\t\t<div class=\"elementor-container elementor-column-gap-default\">\n\t\t\t\t\t<div class=\"elementor-column elementor-col-100 elementor-top-column elementor-element elementor-element-d68f9b8\" data-id=\"d68f9b8\" data-element_type=\"column\">\n\t\t\t<div class=\"elementor-widget-wrap elementor-element-populated\">\n\t\t\t\t\t\t<div class=\"elementor-element elementor-element-a2500d4 elementor-widget elementor-widget-heading\" data-id=\"a2500d4\" data-element_type=\"widget\" data-widget_type=\"heading.default\">\n\t\t\t\t<div class=\"elementor-widget-container\">\n\t\t\t<h2 class=\"elementor-heading-title elementor-size-default\">Sujets de pr\u00e9sentation<\/h2>\t\t<\/div>\n\t\t\t\t<\/div>\n\t\t\t\t\t<\/div>\n\t\t<\/div>\n\t\t\t\t\t<\/div>\n\t\t<\/section>\n\t\t\t\t<section class=\"elementor-section elementor-top-section elementor-element elementor-element-d506922 elementor-section-full_width elementor-section-height-default elementor-section-height-default\" data-id=\"d506922\" data-element_type=\"section\" data-settings=\"{&quot;background_background&quot;:&quot;classic&quot;}\">\n\t\t\t\t\t\t<div class=\"elementor-container elementor-column-gap-no\">\n\t\t\t\t\t<div class=\"elementor-column elementor-col-100 elementor-top-column elementor-element elementor-element-4da384b\" data-id=\"4da384b\" data-element_type=\"column\">\n\t\t\t<div class=\"elementor-widget-wrap elementor-element-populated\">\n\t\t\t\t\t\t<section class=\"elementor-section elementor-inner-section elementor-element elementor-element-4214eca elementor-section-boxed elementor-section-height-default elementor-section-height-default\" data-id=\"4214eca\" data-element_type=\"section\">\n\t\t\t\t\t\t<div class=\"elementor-container elementor-column-gap-default\">\n\t\t\t\t\t<div class=\"elementor-column elementor-col-50 elementor-inner-column elementor-element elementor-element-582b64f\" data-id=\"582b64f\" data-element_type=\"column\">\n\t\t\t<div class=\"elementor-widget-wrap elementor-element-populated\">\n\t\t\t\t\t\t<div class=\"elementor-element elementor-element-e1b3c1f elementor-widget elementor-widget-text-editor\" data-id=\"e1b3c1f\" data-element_type=\"widget\" data-widget_type=\"text-editor.default\">\n\t\t\t\t<div class=\"elementor-widget-container\">\n\t\t\t\t\t\t\t<h3>\"Prenez possession de la sc\u00e8ne : Exploitez votre pr\u00e9sence authentique de leader.\"<\/h3><h4><strong>\"Comment cr\u00e9er une persona pour votre prise de parole en public\"<\/strong><\/h4><h4 class=\" translation-block\"><strong>Aper\u00e7u :<\/strong> Brillez sous les projecteurs avec assurance. Apprenez \u00e0 cultiver une pr\u00e9sence sc\u00e9nique captivante en ma\u00eetrisant votre langage corporel, l\u2019art du storytelling et l\u2019humour, afin de faire passer votre message avec impact et de captiver tout type de public.<\/h4><h4 class=\" translation-block\"><strong>Enseignements cl\u00e9s :<\/strong> Commenet d\u00e9velopper une pr\u00e9sence sc\u00e9nique imposante, captiver votre audience et transformer chaque prise de parole en une d\u00e9monstration de leadership.<\/h4>\t\t\t\t\t\t<\/div>\n\t\t\t\t<\/div>\n\t\t\t\t<div class=\"elementor-element elementor-element-750bc6a elementor-widget elementor-widget-image\" data-id=\"750bc6a\" data-element_type=\"widget\" data-widget_type=\"image.default\">\n\t\t\t\t<div class=\"elementor-widget-container\">\n\t\t\t\t\t\t\t\t\t\t\t\t\t<img fetchpriority=\"high\" decoding=\"async\" width=\"987\" height=\"365\" src=\"https:\/\/thespeakingflow.com\/wp-content\/uploads\/2023\/12\/DALL\u00b7E-2023-12-19-12.16.43-A-minimalist-and-professional-image-representing-Master-the-Stage-by-Harnessing-Your-Unique-Authentic-Presence.-The-image-should-feature-a-simple-e-1.png\" class=\"attachment-large size-large wp-image-3661\" alt=\"\" srcset=\"https:\/\/thespeakingflow.com\/wp-content\/uploads\/2023\/12\/DALL\u00b7E-2023-12-19-12.16.43-A-minimalist-and-professional-image-representing-Master-the-Stage-by-Harnessing-Your-Unique-Authentic-Presence.-The-image-should-feature-a-simple-e-1.png 987w, https:\/\/thespeakingflow.com\/wp-content\/uploads\/2023\/12\/DALL\u00b7E-2023-12-19-12.16.43-A-minimalist-and-professional-image-representing-Master-the-Stage-by-Harnessing-Your-Unique-Authentic-Presence.-The-image-should-feature-a-simple-e-1-300x111.png 300w, https:\/\/thespeakingflow.com\/wp-content\/uploads\/2023\/12\/DALL\u00b7E-2023-12-19-12.16.43-A-minimalist-and-professional-image-representing-Master-the-Stage-by-Harnessing-Your-Unique-Authentic-Presence.-The-image-should-feature-a-simple-e-1-768x284.png 768w\" sizes=\"(max-width: 987px) 100vw, 987px\" \/>\t\t\t\t\t\t\t\t\t\t\t\t\t<\/div>\n\t\t\t\t<\/div>\n\t\t\t\t<div class=\"elementor-element elementor-element-8ce6a65 elementor-widget elementor-widget-text-editor\" data-id=\"8ce6a65\" data-element_type=\"widget\" data-widget_type=\"text-editor.default\">\n\t\t\t\t<div class=\"elementor-widget-container\">\n\t\t\t\t\t\t\t<h3>Valorisez chaque voix : Encouragez la diversit\u00e9 dans la communication du leadership.<\/h3><h4><strong>La diversit\u00e9 des voix dans la prise de parole en public<\/strong><\/h4><h4 class=\" translation-block\"><strong>Aper\u00e7u :<\/strong> Brisez les barri\u00e8res de la prise de parole en public et donnez \u00e0 chaque voix de votre organisation le pouvoir de s\u2019exprimer. Cet atelier fournit \u00e0 votre \u00e9quipe les outils et la confiance n\u00e9cessaires pour repr\u00e9senter votre marque de mani\u00e8re authentique et percutante.<\/h4><h4 class=\" translation-block\"><strong>Enseignements cl\u00e9s :<\/strong> Comment encourager une culture d\u2019inclusion, valoriser les voix diverses au sein de votre \u00e9quipe et former des ambassadeurs de marque capables de s\u2019exprimer avec conviction et authenticit\u00e9.<\/h4>\t\t\t\t\t\t<\/div>\n\t\t\t\t<\/div>\n\t\t\t\t\t<\/div>\n\t\t<\/div>\n\t\t\t\t<div class=\"elementor-column elementor-col-50 elementor-inner-column elementor-element elementor-element-f848abc\" data-id=\"f848abc\" data-element_type=\"column\">\n\t\t\t<div class=\"elementor-widget-wrap elementor-element-populated\">\n\t\t\t\t\t\t<div class=\"elementor-element elementor-element-26ae4ea elementor-widget elementor-widget-text-editor\" data-id=\"26ae4ea\" data-element_type=\"widget\" data-widget_type=\"text-editor.default\">\n\t\t\t\t<div class=\"elementor-widget-container\">\n\t\t\t\t\t\t\t<h3>\"Valorisez la diversit\u00e9 linguistique : Transformez les accents en atout majeur pour votre \u00e9quipe.\"<\/h3><h4><strong>\"La puissance des accents\"<\/strong><\/h4><h4 class=\" translation-block\"><strong>Aper\u00e7u :<\/strong> Les accents ne sont pas des obstacles, mais des atouts. D\u00e9couvrez comment valoriser et enrichir la diversit\u00e9 linguistique de votre \u00e9quipe pour stimuler la cr\u00e9ativit\u00e9, renforcer les connexions et encourager l\u2019innovation au sein de votre organisation.<\/h4><h4 class=\" translation-block\"><strong>Enseignements cl\u00e9s :<\/strong> Commet valoriser la diversit\u00e9 des accents, encourager l\u2019expression authentique de chacun et exploiter le potentiel cr\u00e9atif de la richesse linguistique.<\/h4>\t\t\t\t\t\t<\/div>\n\t\t\t\t<\/div>\n\t\t\t\t<div class=\"elementor-element elementor-element-5d9e208 elementor-widget elementor-widget-image\" data-id=\"5d9e208\" data-element_type=\"widget\" data-widget_type=\"image.default\">\n\t\t\t\t<div class=\"elementor-widget-container\">\n\t\t\t\t\t\t\t\t\t\t\t\t\t<img decoding=\"async\" width=\"994\" height=\"371\" src=\"https:\/\/thespeakingflow.com\/wp-content\/uploads\/2023\/12\/DALL\u00b7E-2023-12-19-12.27.12-A-hyper-realistic-minimalist-image-without-any-words-but-including-random-accented-letters-such-as-c-e-e-a-u.-The-theme-is-Accentuate-to-Captiv.png\" class=\"attachment-large size-large wp-image-3654\" alt=\"\" srcset=\"https:\/\/thespeakingflow.com\/wp-content\/uploads\/2023\/12\/DALL\u00b7E-2023-12-19-12.27.12-A-hyper-realistic-minimalist-image-without-any-words-but-including-random-accented-letters-such-as-c-e-e-a-u.-The-theme-is-Accentuate-to-Captiv.png 994w, https:\/\/thespeakingflow.com\/wp-content\/uploads\/2023\/12\/DALL\u00b7E-2023-12-19-12.27.12-A-hyper-realistic-minimalist-image-without-any-words-but-including-random-accented-letters-such-as-c-e-e-a-u.-The-theme-is-Accentuate-to-Captiv-300x112.png 300w, https:\/\/thespeakingflow.com\/wp-content\/uploads\/2023\/12\/DALL\u00b7E-2023-12-19-12.27.12-A-hyper-realistic-minimalist-image-without-any-words-but-including-random-accented-letters-such-as-c-e-e-a-u.-The-theme-is-Accentuate-to-Captiv-768x287.png 768w\" sizes=\"(max-width: 994px) 100vw, 994px\" \/>\t\t\t\t\t\t\t\t\t\t\t\t\t<\/div>\n\t\t\t\t<\/div>\n\t\t\t\t<div class=\"elementor-element elementor-element-d9f02b4 elementor-widget elementor-widget-text-editor\" data-id=\"d9f02b4\" data-element_type=\"widget\" data-widget_type=\"text-editor.default\">\n\t\t\t\t<div class=\"elementor-widget-container\">\n\t\t\t\t\t\t\t<h3>&#8220;Spark Action with Powerful Storytelling: Transform Data into Impactful Narratives&#8221;<\/h3><h4><strong>Harnessing the Power of Storytelling<\/strong><\/h4><h4 class=\" translation-block\"><strong>Aper\u00e7u :<\/strong> Allez au-del\u00e0 des faits et des chiffres : apprenez \u00e0 cr\u00e9er des r\u00e9cits captivants qui transforment vos strat\u00e9gies en actions concr\u00e8tes et laissent une impression durable sur votre audience.<\/h4><h4 class=\" translation-block\"><strong>Enseignements cl\u00e9s :<\/strong> Comment ma\u00eetriser les techniques narratives, engager \u00e9motionnellement votre audience et inspirer votre \u00e9quipe \u00e0 agir gr\u00e2ce \u00e0 des r\u00e9cits qui r\u00e9sonnent profond\u00e9ment.<\/h4>\t\t\t\t\t\t<\/div>\n\t\t\t\t<\/div>\n\t\t\t\t\t<\/div>\n\t\t<\/div>\n\t\t\t\t\t<\/div>\n\t\t<\/section>\n\t\t\t\t\t<\/div>\n\t\t<\/div>\n\t\t\t\t\t<\/div>\n\t\t<\/section>\n\t\t\t\t<section class=\"elementor-section elementor-top-section elementor-element elementor-element-29ab548 elementor-section-boxed elementor-section-height-default elementor-section-height-default\" data-id=\"29ab548\" data-element_type=\"section\">\n\t\t\t\t\t\t<div class=\"elementor-container elementor-column-gap-default\">\n\t\t\t\t\t<div class=\"elementor-column elementor-col-100 elementor-top-column elementor-element elementor-element-f3b6004\" data-id=\"f3b6004\" data-element_type=\"column\">\n\t\t\t<div class=\"elementor-widget-wrap elementor-element-populated\">\n\t\t\t\t\t\t<div class=\"elementor-element elementor-element-e036f26 elementor-widget elementor-widget-image\" data-id=\"e036f26\" data-element_type=\"widget\" data-widget_type=\"image.default\">\n\t\t\t\t<div class=\"elementor-widget-container\">\n\t\t\t\t\t\t\t\t\t\t\t\t\t<img decoding=\"async\" width=\"1000\" height=\"422\" src=\"https:\/\/thespeakingflow.com\/wp-content\/uploads\/2023\/12\/DALL\u00b7E-2023-12-19-12.20.12-A-hyper-realistic-minimalist-image-with-no-text-focusing-on-The-Stage-is-Yours_-Amplify-Diverse-Voices.-The-image-should-feature-a-large-prominen-1.png\" class=\"attachment-large size-large wp-image-3662\" alt=\"\" srcset=\"https:\/\/thespeakingflow.com\/wp-content\/uploads\/2023\/12\/DALL\u00b7E-2023-12-19-12.20.12-A-hyper-realistic-minimalist-image-with-no-text-focusing-on-The-Stage-is-Yours_-Amplify-Diverse-Voices.-The-image-should-feature-a-large-prominen-1.png 1000w, https:\/\/thespeakingflow.com\/wp-content\/uploads\/2023\/12\/DALL\u00b7E-2023-12-19-12.20.12-A-hyper-realistic-minimalist-image-with-no-text-focusing-on-The-Stage-is-Yours_-Amplify-Diverse-Voices.-The-image-should-feature-a-large-prominen-1-300x127.png 300w, https:\/\/thespeakingflow.com\/wp-content\/uploads\/2023\/12\/DALL\u00b7E-2023-12-19-12.20.12-A-hyper-realistic-minimalist-image-with-no-text-focusing-on-The-Stage-is-Yours_-Amplify-Diverse-Voices.-The-image-should-feature-a-large-prominen-1-768x324.png 768w\" sizes=\"(max-width: 1000px) 100vw, 1000px\" \/>\t\t\t\t\t\t\t\t\t\t\t\t\t<\/div>\n\t\t\t\t<\/div>\n\t\t\t\t\t<\/div>\n\t\t<\/div>\n\t\t\t\t\t<\/div>\n\t\t<\/section>\n\t\t\t\t<section class=\"elementor-section elementor-top-section elementor-element elementor-element-043adda elementor-section-boxed elementor-section-height-default elementor-section-height-default\" data-id=\"043adda\" data-element_type=\"section\">\n\t\t\t\t\t\t<div class=\"elementor-container elementor-column-gap-default\">\n\t\t\t\t\t<div class=\"elementor-column elementor-col-100 elementor-top-column elementor-element elementor-element-3e420d1\" data-id=\"3e420d1\" data-element_type=\"column\">\n\t\t\t<div class=\"elementor-widget-wrap elementor-element-populated\">\n\t\t\t\t\t\t<div class=\"elementor-element elementor-element-933250b elementor-align-center elementor-widget elementor-widget-button\" data-id=\"933250b\" data-element_type=\"widget\" data-widget_type=\"button.default\">\n\t\t\t\t<div class=\"elementor-widget-container\">\n\t\t\t\t\t\t\t<div class=\"elementor-button-wrapper\">\n\t\t\t\t\t<a class=\"elementor-button elementor-button-link elementor-size-md\" href=\"https:\/\/www.thespeakingflow.com\/7e8b89bd\" target=\"_blank\">\n\t\t\t\t\t\t<span class=\"elementor-button-content-wrapper\">\n\t\t\t\t\t\t\t\t\t<span class=\"elementor-button-text\">Surmontez vos barri\u00e8res linguistiques - <br>\nT\u00e9l\u00e9chargez votre guide gratuit pour en savoir plus<\/span>\n\t\t\t\t\t<\/span>\n\t\t\t\t\t<\/a>\n\t\t\t\t<\/div>\n\t\t\t\t\t\t<\/div>\n\t\t\t\t<\/div>\n\t\t\t\t\t<\/div>\n\t\t<\/div>\n\t\t\t\t\t<\/div>\n\t\t<\/section>\n\t\t\t\t<\/div>","protected":false},"excerpt":{"rendered":"<p>Transform Your Leadership: Master English Communication with Our High-Impact Workshops Revitalize Your Organization by Using Brilliant Communication https:\/\/youtu.be\/7OHj66nat2I Start Leading with Absolute Confidence &#8211; Get Your Free Guide to Find Out More Speaking Topics &#8220;Own the Stage: Harness Your Authentic Leadership Presence&#8221; How to Create a Public Speaking Persona Overview: Step into the spotlight with &hellip;<\/p>\n<p class=\"read-more\"> <a class=\"\" href=\"https:\/\/thespeakingflow.com\/fr\/hire-me-to-speak\/\"> <span class=\"screen-reader-text\">Hire me to speak<\/span> Lire la suite\u00a0\u00bb<\/a><\/p>","protected":false},"author":1,"featured_media":0,"parent":0,"menu_order":0,"comment_status":"closed","ping_status":"closed","template":"","meta":{"footnotes":""},"class_list":["post-2457","page","type-page","status-publish","hentry"],"_links":{"self":[{"href":"https:\/\/thespeakingflow.com\/fr\/wp-json\/wp\/v2\/pages\/2457","targetHints":{"allow":["GET"]}}],"collection":[{"href":"https:\/\/thespeakingflow.com\/fr\/wp-json\/wp\/v2\/pages"}],"about":[{"href":"https:\/\/thespeakingflow.com\/fr\/wp-json\/wp\/v2\/types\/page"}],"author":[{"embeddable":true,"href":"https:\/\/thespeakingflow.com\/fr\/wp-json\/wp\/v2\/users\/1"}],"replies":[{"embeddable":true,"href":"https:\/\/thespeakingflow.com\/fr\/wp-json\/wp\/v2\/comments?post=2457"}],"version-history":[{"count":247,"href":"https:\/\/thespeakingflow.com\/fr\/wp-json\/wp\/v2\/pages\/2457\/revisions"}],"predecessor-version":[{"id":4178,"href":"https:\/\/thespeakingflow.com\/fr\/wp-json\/wp\/v2\/pages\/2457\/revisions\/4178"}],"wp:attachment":[{"href":"https:\/\/thespeakingflow.com\/fr\/wp-json\/wp\/v2\/media?parent=2457"}],"curies":[{"name":"wp","href":"https:\/\/api.w.org\/{rel}","templated":true}]}}